{"id":482,"date":"2025-12-28T17:50:00","date_gmt":"2025-12-28T17:50:00","guid":{"rendered":"https:\/\/xiangyu.ch\/?product=geneve-domaine-chateau-leveque-rose-de-gamay"},"modified":"2025-12-28T17:50:00","modified_gmt":"2025-12-28T17:50:00","slug":"geneve-domaine-chateau-leveque-rose-de-gamay","status":"publish","type":"product","link":"https:\/\/xiangyu.ch\/fr\/product\/geneve-domaine-chateau-leveque-rose-de-gamay\/","title":{"rendered":"Gen\u00e8ve Domaine ch\u00e2teau l'Ev\u00eaque (Ros\u00e9 de Gamay)"},"content":{"rendered":"","protected":false},"excerpt":{"rendered":"","protected":false},"featured_media":0,"template":"","meta":[],"product_brand":[],"product_cat":[38],"product_tag":[],"class_list":{"0":"post-482","1":"product","2":"type-product","3":"status-publish","5":"product_cat-wines-bottle-pot","7":"first","8":"instock","9":"taxable","10":"shipping-taxable","11":"purchasable","12":"product-type-simple"},"_links":{"self":[{"href":"https:\/\/xiangyu.ch\/fr\/wp-json\/wp\/v2\/product\/482","targetHints":{"allow":["GET"]}}],"collection":[{"href":"https:\/\/xiangyu.ch\/fr\/wp-json\/wp\/v2\/product"}],"about":[{"href":"https:\/\/xiangyu.ch\/fr\/wp-json\/wp\/v2\/types\/product"}],"wp:attachment":[{"href":"https:\/\/xiangyu.ch\/fr\/wp-json\/wp\/v2\/media?parent=482"}],"wp:term":[{"taxonomy":"product_brand","embeddable":true,"href":"https:\/\/xiangyu.ch\/fr\/wp-json\/wp\/v2\/product_brand?post=482"},{"taxonomy":"product_cat","embeddable":true,"href":"https:\/\/xiangyu.ch\/fr\/wp-json\/wp\/v2\/product_cat?post=482"},{"taxonomy":"product_tag","embeddable":true,"href":"https:\/\/xiangyu.ch\/fr\/wp-json\/wp\/v2\/product_tag?post=482"}],"curies":[{"name":"wp","href":"https:\/\/api.w.org\/{rel}","templated":true}]}}