{"id":420,"date":"2025-12-28T17:49:50","date_gmt":"2025-12-28T17:49:50","guid":{"rendered":"https:\/\/xiangyu.ch\/?product=stir-fried-pak-choi-with-garlic-vegetarian"},"modified":"2025-12-28T17:49:50","modified_gmt":"2025-12-28T17:49:50","slug":"stir-fried-pak-choi-with-garlic-vegetarian","status":"publish","type":"product","link":"https:\/\/xiangyu.ch\/fr\/product\/stir-fried-pak-choi-with-garlic-vegetarian\/","title":{"rendered":"Pakchoi saut\u00e9 \u00e0 l'ail (v\u00e9g\u00e9tarien)"},"content":{"rendered":"","protected":false},"excerpt":{"rendered":"","protected":false},"featured_media":0,"template":"","meta":[],"product_brand":[],"product_cat":[28],"product_tag":[],"class_list":{"0":"post-420","1":"product","2":"type-product","3":"status-publish","5":"product_cat-vegetarian","7":"first","8":"instock","9":"taxable","10":"shipping-taxable","11":"purchasable","12":"product-type-simple"},"_links":{"self":[{"href":"https:\/\/xiangyu.ch\/fr\/wp-json\/wp\/v2\/product\/420","targetHints":{"allow":["GET"]}}],"collection":[{"href":"https:\/\/xiangyu.ch\/fr\/wp-json\/wp\/v2\/product"}],"about":[{"href":"https:\/\/xiangyu.ch\/fr\/wp-json\/wp\/v2\/types\/product"}],"wp:attachment":[{"href":"https:\/\/xiangyu.ch\/fr\/wp-json\/wp\/v2\/media?parent=420"}],"wp:term":[{"taxonomy":"product_brand","embeddable":true,"href":"https:\/\/xiangyu.ch\/fr\/wp-json\/wp\/v2\/product_brand?post=420"},{"taxonomy":"product_cat","embeddable":true,"href":"https:\/\/xiangyu.ch\/fr\/wp-json\/wp\/v2\/product_cat?post=420"},{"taxonomy":"product_tag","embeddable":true,"href":"https:\/\/xiangyu.ch\/fr\/wp-json\/wp\/v2\/product_tag?post=420"}],"curies":[{"name":"wp","href":"https:\/\/api.w.org\/{rel}","templated":true}]}}