{"id":400,"date":"2025-12-28T17:49:47","date_gmt":"2025-12-28T17:49:47","guid":{"rendered":"https:\/\/xiangyu.ch\/?product=braised-duck-with-beer-with-bone%f0%9f%8c%b6%ef%b8%8f"},"modified":"2025-12-28T17:49:47","modified_gmt":"2025-12-28T17:49:47","slug":"braised-duck-with-beer-with-bone%f0%9f%8c%b6%ef%b8%8f","status":"publish","type":"product","link":"https:\/\/xiangyu.ch\/fr\/product\/braised-duck-with-beer-with-bone%f0%9f%8c%b6%ef%b8%8f\/","title":{"rendered":"Canard confit \u00e0 la bi\u00e8re (non d\u00e9soss\u00e9)\ud83c\udf36\ufe0f"},"content":{"rendered":"","protected":false},"excerpt":{"rendered":"","protected":false},"featured_media":0,"template":"","meta":[],"product_brand":[],"product_cat":[27],"product_tag":[],"class_list":{"0":"post-400","1":"product","2":"type-product","3":"status-publish","5":"product_cat-duck","7":"first","8":"instock","9":"taxable","10":"shipping-taxable","11":"purchasable","12":"product-type-simple"},"_links":{"self":[{"href":"https:\/\/xiangyu.ch\/fr\/wp-json\/wp\/v2\/product\/400","targetHints":{"allow":["GET"]}}],"collection":[{"href":"https:\/\/xiangyu.ch\/fr\/wp-json\/wp\/v2\/product"}],"about":[{"href":"https:\/\/xiangyu.ch\/fr\/wp-json\/wp\/v2\/types\/product"}],"wp:attachment":[{"href":"https:\/\/xiangyu.ch\/fr\/wp-json\/wp\/v2\/media?parent=400"}],"wp:term":[{"taxonomy":"product_brand","embeddable":true,"href":"https:\/\/xiangyu.ch\/fr\/wp-json\/wp\/v2\/product_brand?post=400"},{"taxonomy":"product_cat","embeddable":true,"href":"https:\/\/xiangyu.ch\/fr\/wp-json\/wp\/v2\/product_cat?post=400"},{"taxonomy":"product_tag","embeddable":true,"href":"https:\/\/xiangyu.ch\/fr\/wp-json\/wp\/v2\/product_tag?post=400"}],"curies":[{"name":"wp","href":"https:\/\/api.w.org\/{rel}","templated":true}]}}