{"id":386,"date":"2025-12-28T17:49:45","date_gmt":"2025-12-28T17:49:45","guid":{"rendered":"https:\/\/xiangyu.ch\/?product=stir-fried-beef-with-celery"},"modified":"2025-12-28T17:49:45","modified_gmt":"2025-12-28T17:49:45","slug":"stir-fried-beef-with-celery","status":"publish","type":"product","link":"https:\/\/xiangyu.ch\/fr\/product\/stir-fried-beef-with-celery\/","title":{"rendered":"\u00c9minc\u00e9 de boeuf saut\u00e9 au c\u00e9leri"},"content":{"rendered":"","protected":false},"excerpt":{"rendered":"","protected":false},"featured_media":0,"template":"","meta":[],"product_brand":[],"product_cat":[25],"product_tag":[],"class_list":{"0":"post-386","1":"product","2":"type-product","3":"status-publish","5":"product_cat-beef","7":"first","8":"instock","9":"taxable","10":"shipping-taxable","11":"purchasable","12":"product-type-simple"},"_links":{"self":[{"href":"https:\/\/xiangyu.ch\/fr\/wp-json\/wp\/v2\/product\/386","targetHints":{"allow":["GET"]}}],"collection":[{"href":"https:\/\/xiangyu.ch\/fr\/wp-json\/wp\/v2\/product"}],"about":[{"href":"https:\/\/xiangyu.ch\/fr\/wp-json\/wp\/v2\/types\/product"}],"wp:attachment":[{"href":"https:\/\/xiangyu.ch\/fr\/wp-json\/wp\/v2\/media?parent=386"}],"wp:term":[{"taxonomy":"product_brand","embeddable":true,"href":"https:\/\/xiangyu.ch\/fr\/wp-json\/wp\/v2\/product_brand?post=386"},{"taxonomy":"product_cat","embeddable":true,"href":"https:\/\/xiangyu.ch\/fr\/wp-json\/wp\/v2\/product_cat?post=386"},{"taxonomy":"product_tag","embeddable":true,"href":"https:\/\/xiangyu.ch\/fr\/wp-json\/wp\/v2\/product_tag?post=386"}],"curies":[{"name":"wp","href":"https:\/\/api.w.org\/{rel}","templated":true}]}}